{"id":4643,"date":"2024-11-01T13:42:16","date_gmt":"2024-11-01T13:42:16","guid":{"rendered":"https:\/\/all4sales.se\/?page_id=4643"},"modified":"2024-11-05T07:54:57","modified_gmt":"2024-11-05T07:54:57","slug":"privacy-policy","status":"publish","type":"page","link":"https:\/\/all4sales.se\/nb\/privacy-policy\/","title":{"rendered":"Retningslinjer for personvern"},"content":{"rendered":"<style>.elementor-4643 .elementor-element.elementor-element-a28475d{--display:flex;}<\/style>\t\t<div data-elementor-type=\"wp-page\" data-elementor-id=\"4643\" class=\"elementor elementor-4643\" data-elementor-post-type=\"page\">\n\t\t\t\t<div class=\"elementor-element elementor-element-a28475d e-flex e-con-boxed e-con e-parent\" data-id=\"a28475d\" data-element_type=\"container\" data-e-type=\"container\">\n\t\t\t\t\t<div class=\"e-con-inner\">\n\t\t\t\t<div class=\"elementor-element elementor-element-d6f68ff elementor-widget elementor-widget-text-editor\" data-id=\"d6f68ff\" data-element_type=\"widget\" data-e-type=\"widget\" data-widget_type=\"text-editor.default\">\n\t\t\t\t<div class=\"elementor-widget-container\">\n\t\t\t\t\t\t\t\t\t<p><em>Sist oppdatert: 5. november 2024<\/em><\/p><p>ALL4SALES Nordic AB (\u201cvi\u201d, \u201cv\u00e5r\u201d eller \u201coss\u201d) respekterer ditt personvern og er forpliktet til \u00e5 beskytte dine personopplysninger. Denne personvernerkl\u00e6ringen forklarer hvordan vi samler inn, bruker og beskytter personopplysningene til enkeltpersoner (\u201cdeg\u201d eller \u201cbrukere\u201d) som bruker tjenestene v\u00e5re, inkludert salgsrekruttering og salgstrening. Disse retningslinjene dekker ogs\u00e5 v\u00e5r bruk av informasjonskapsler, Google Analytics, WordPress og lignende sporingsteknologier p\u00e5 nettstedet v\u00e5rt.<\/p><h3>1. <strong>Hvem vi er<\/strong><\/h3><p>Vi er et svenskbasert selskap som spesialiserer oss p\u00e5 tjenester innen salgsrekruttering og salgsoppl\u00e6ring. Disse retningslinjene er i samsvar med personvernforordningen (GDPR) og gjelder for alle personer hvis personopplysninger vi samler inn og behandler.<\/p><h3>2. <strong>Data vi samler inn<\/strong><\/h3><p>Vi kan samle inn og behandle f\u00f8lgende typer personopplysninger:<\/p><ul><li><strong>Kontaktinformasjon:<\/strong> Navn, e-postadresse, telefonnummer og postadresse.<\/li><li><strong>Profesjonell informasjon:<\/strong> CV, arbeidserfaring, kvalifikasjoner, ferdigheter og utdanningsdetaljer.<\/li><li><strong>Informasjon om ansettelser:<\/strong> Opplysninger om n\u00e5v\u00e6rende og tidligere arbeidsforhold, stillingstittel og referanser.<\/li><li><strong>Informasjon om oppl\u00e6ring:<\/strong> Deltakelse p\u00e5 oppl\u00e6ring, tilbakemeldinger og prestasjoner i oppl\u00e6rings\u00f8velser.<\/li><li><strong>Kommunikasjonsdata:<\/strong> Detaljer om din interaksjon med oss via e-post, telefon eller andre kommunikasjonsmetoder.<\/li><li><strong>Data som samles inn via kontaktskjemaer:<\/strong> N\u00e5r du sender inn et kontaktskjema p\u00e5 nettstedet v\u00e5rt, samler vi inn informasjon som navn, e-postadresse og innholdet i meldingen. Disse opplysningene brukes utelukkende til \u00e5 kontakte deg i forbindelse med henvendelsen din, og vil ikke bli brukt til markedsf\u00f8ringsform\u00e5l med mindre du eksplisitt velger \u00e5 motta slik kommunikasjon.<\/li><li><strong>Tekniske data:<\/strong> IP-adresser, nettlesertype og enhetsinformasjon, spesielt gjennom nettstedet v\u00e5rt og informasjonskapsler.<\/li><li><strong>Analysedata:<\/strong> Vi bruker Google Analytics til \u00e5 samle inn informasjon om bruken av nettstedet, inkludert data som bes\u00f8kte sider, tid brukt p\u00e5 hver side og brukerinteraksjoner p\u00e5 nettstedet v\u00e5rt. Denne informasjonen hjelper oss med \u00e5 analysere trafikken p\u00e5 nettstedet og forbedre brukeropplevelsen.<\/li><\/ul><h3>3. <strong>Hvordan vi bruker dataene dine<\/strong><\/h3><p>Vi bruker personopplysningene dine til f\u00f8lgende form\u00e5l:<\/p><ul><li><strong>Rekrutteringstjenester for salg:<\/strong> \u00c5 vurdere kvalifikasjoner, matche kandidater med ledige stillinger og kommunisere om jobbmuligheter.<\/li><li><strong>Tjenester for salgsoppl\u00e6ring:<\/strong> For \u00e5 registrere enkeltpersoner til oppl\u00e6ring, f\u00f8lge med p\u00e5 prestasjoner og gi tilbakemelding.<\/li><li><strong>Svar p\u00e5 kontaktskjemaet:<\/strong> For \u00e5 svare p\u00e5 henvendelser som sendes inn via kontaktskjemaet. Opplysninger som samles inn via kontaktskjemaer, vil kun bli brukt til \u00e5 svare p\u00e5 henvendelsen og vil ikke bli brukt til markedsf\u00f8ringsform\u00e5l med mindre du eksplisitt har valgt dette.<\/li><li><strong>Overholdelse av lover og regler:<\/strong> For \u00e5 overholde juridiske og regulatoriske forpliktelser, l\u00f8se tvister og h\u00e5ndheve avtalene v\u00e5re.<\/li><li><strong>Nettstedsfunksjonalitet og analyse:<\/strong> For \u00e5 forbedre nettstedets funksjonalitet og f\u00e5 innsikt i brukeratferd ved hjelp av informasjonskapsler, Google Analytics og WordPress-plattformen.<\/li><\/ul><h3>4. <strong>Nettstedsplattform, informasjonskapsler, Google Analytics og sporingsteknologier<\/strong><\/h3><p>Nettstedet v\u00e5rt er bygget p\u00e5 <strong>WordPress<\/strong>, som hjelper oss med \u00e5 administrere og levere innholdet p\u00e5 nettstedet v\u00e5rt. I tillegg bruker vi informasjonskapsler, Google Analytics og lignende teknologier for \u00e5 forbedre brukeropplevelsen, tilpasse innhold og analysere trafikken p\u00e5 nettstedet.<\/p><ul><li><p><strong>WordPress-funksjonalitet:<\/strong> WordPress bruker en rekke programtillegg og verkt\u00f8y som kan samle inn data om nettstedets ytelse og bes\u00f8kendes aktivitet for \u00e5 sikre nettstedets funksjonalitet og optimalisere brukeropplevelsen. WordPress kan ogs\u00e5 bruke informasjonskapsler for \u00e5 huske brukerpreferanser, p\u00e5loggingsdetaljer og surfeaktiviteter.<\/p><\/li><li><p><strong>Typer informasjonskapsler vi bruker:<\/strong><\/p><ul><li><strong>N\u00f8dvendige informasjonskapsler:<\/strong> N\u00f8dvendig for nettstedets funksjonalitet, for eksempel for \u00e5 muliggj\u00f8re sikker p\u00e5logging.<\/li><li><strong>Informasjonskapsler for preferanser:<\/strong> Brukes til \u00e5 huske dine preferanser og valg (f.eks. spr\u00e5kvalg).<\/li><li><strong>Informasjonskapsler for statistikk:<\/strong> Brukes til analyseform\u00e5l for \u00e5 forst\u00e5 hvordan bes\u00f8kende samhandler med nettstedet.<\/li><li><strong>Informasjonskapsler for markedsf\u00f8ring:<\/strong> Brukes til \u00e5 spore surfevaner og muliggj\u00f8re personlig tilpasset reklame, hvis det er aktuelt.<\/li><\/ul><\/li><li><p><strong>Google Analytics:<\/strong> Vi bruker Google Analytics, en webanalysetjeneste levert av Google, Inc. for \u00e5 samle inn informasjon om hvordan brukerne samhandler med nettstedet v\u00e5rt. Google Analytics bruker informasjonskapsler til \u00e5 analysere trafikk og bruksm\u00f8nstre p\u00e5 nettstedet, slik at vi kan forbedre nettstedets ytelse. Dataene som samles inn, kan omfatte informasjon om enheten din, IP-adressen din og interaksjoner p\u00e5 nettstedet v\u00e5rt. Denne informasjonen er anonymisert og aggregert, noe som betyr at den ikke identifiserer individuelle brukere. Du kan velge bort Google Analytics ved \u00e5 installere nettlesertillegget Google Analytics opt-out, som er tilgjengelig <a target=\"_new\" rel=\"noopener\">her<\/a>.<\/p><\/li><li><p><strong>Administrere informasjonskapsler:<\/strong> Du kan administrere eller deaktivere informasjonskapsler ved \u00e5 justere innstillingene i nettleseren din. V\u00e6r oppmerksom p\u00e5 at deaktivering av visse informasjonskapsler kan p\u00e5virke funksjonaliteten p\u00e5 nettstedet. Hvis du vil ha mer informasjon om hvordan du administrerer informasjonskapsler, kan du g\u00e5 til hjelpeseksjonen i nettleseren din eller sjekke nettressursene p\u00e5 <a href=\"https:\/\/www.allaboutcookies.org\" target=\"_new\" rel=\"noopener\">https:\/\/www.allaboutcookies.org<\/a>.<\/p><\/li><\/ul><h3>5. <strong>Hosting-leverand\u00f8r<\/strong><\/h3><p>Nettstedet v\u00e5rt driftes av <strong>Loopia AB<\/strong>, en anerkjent hostingleverand\u00f8r i Sverige. Loopia AB kan ha tilgang til visse tekniske data som er n\u00f8dvendige for \u00e5 drive og vedlikeholde nettstedet v\u00e5rt p\u00e5 en sikker og p\u00e5litelig m\u00e5te. Loopia AB overholder GDPR-kravene, og s\u00f8rger for at alle data de behandler er beskyttet og sikker.<\/p><h3>6. <strong>Rettslig grunnlag for behandling<\/strong><\/h3><p>V\u00e5re rettslige grunnlag for behandling av personopplysninger inkluderer:<\/p><ul><li><strong>Samtykke:<\/strong> N\u00e5r du velger \u00e5 motta markedsf\u00f8ring eller annen frivillig informasjon.<\/li><li><strong>Kontraktsmessig forpliktelse:<\/strong> Behandling som er n\u00f8dvendig for \u00e5 oppfylle en kontrakt, for eksempel for \u00e5 utf\u00f8re rekrutterings- og oppl\u00e6ringstjenester.<\/li><li><strong>Berettiget interesse:<\/strong> For forretningsdrift, for eksempel for \u00e5 forbedre tjenestene v\u00e5re og administrere kommunikasjon, forutsatt at disse ikke tilsidesetter rettighetene dine.<\/li><li><strong>Juridisk forpliktelse:<\/strong> Behandling som kreves i henhold til gjeldende lovgivning, for eksempel arbeids- og skattelovgivning.<\/li><\/ul><h3>7. <strong>Hvordan vi deler dataene dine<\/strong><\/h3><p>Vi kan dele personopplysningene dine med f\u00f8lgende parter:<\/p><ul><li><strong>Kunder:<\/strong> I rekrutterings\u00f8yemed kan vi dele opplysningene dine med potensielle arbeidsgivere, med ditt samtykke.<\/li><li><strong>Leverand\u00f8rer av oppl\u00e6ring:<\/strong> Om n\u00f8dvendig kan vi dele data med trenere eller tredjeparts oppl\u00e6ringspartnere.<\/li><li><strong>Tjenesteleverand\u00f8rer:<\/strong> Vi bruker tredjepartsleverand\u00f8rer til IT-st\u00f8tte, markedsf\u00f8ring og administrative tjenester.<\/li><li><strong>Juridiske myndigheter:<\/strong> Hvis loven krever det, kan vi dele opplysninger med tilsynsmyndigheter, domstoler eller politimyndigheter.<\/li><\/ul><h3>8. <strong>Oppbevaring av data<\/strong><\/h3><p>Vi oppbevarer personopplysninger bare s\u00e5 lenge det er n\u00f8dvendig for \u00e5 oppfylle form\u00e5let de ble samlet inn for, eller s\u00e5 lenge det er lovp\u00e5lagt. For eksempel oppbevares rekrutteringsrelaterte opplysninger til rekrutteringsprosessen er fullf\u00f8rt, med mindre ytterligere oppbevaring er n\u00f8dvendig av hensyn til legitime interesser eller overholdelse av lover og regler. Opplysninger som samles inn via kontaktskjemaet, lagres bare s\u00e5 lenge det er n\u00f8dvendig for \u00e5 svare p\u00e5 henvendelsen, eller s\u00e5 lenge det er lovp\u00e5lagt.<\/p><h3>9. <strong>Dine rettigheter<\/strong><\/h3><p>I henhold til personvernforordningen har du f\u00f8lgende rettigheter n\u00e5r det gjelder personopplysningene dine:<\/p><ul><li><strong>Rett til innsyn:<\/strong> Du har rett til \u00e5 be om innsyn i personopplysningene dine hos oss.<\/li><li><strong>Rett til retting:<\/strong> Du har rett til \u00e5 be om korrigering av eventuelle un\u00f8yaktige eller ufullstendige personopplysninger.<\/li><li><strong>Rett til sletting (\u201crett til \u00e5 bli glemt\u201d):<\/strong> Du har rett til \u00e5 be om sletting av personopplysningene dine i visse situasjoner.<\/li><li><strong>Rett til \u00e5 begrense behandlingen:<\/strong> Du har rett til \u00e5 be om at behandlingen av opplysningene dine begrenses.<\/li><li><strong>Rett til dataportabilitet:<\/strong> Du har rett til \u00e5 be om en kopi av opplysningene dine i et vanlig format.<\/li><li><strong>Rett til \u00e5 protestere:<\/strong> Du har rett til \u00e5 protestere mot behandling basert p\u00e5 legitime interesser, inkludert direkte markedsf\u00f8ring.<\/li><\/ul><p>For \u00e5 ut\u00f8ve disse rettighetene, vennligst kontakt oss p\u00e5 kontaktinformasjonen nedenfor.<\/p><h3>10. <strong>Datasikkerhet<\/strong><\/h3><p>Vi har iverksatt tekniske og organisatoriske tiltak for \u00e5 beskytte opplysningene dine mot uautorisert tilgang, endring, utlevering eller \u00f8deleggelse. Ingen overf\u00f8ring av data over Internett er imidlertid helt sikker, og vi kan ikke garantere absolutt sikkerhet.<\/p><h3>11. <strong>Internasjonale overf\u00f8ringer<\/strong><\/h3><p>Hvis personopplysninger overf\u00f8res utenfor Det europeiske \u00f8konomiske samarbeidsomr\u00e5det (E\u00d8S), s\u00f8rger vi for at de beskyttes med egnede sikkerhetstiltak, for eksempel EU-godkjente standard kontraktsklausuler eller bindende konsernregler.<\/p><h3>12. <strong>Barns personvern<\/strong><\/h3><p>Tjenestene v\u00e5re er ikke rettet mot personer under 18 \u00e5r, og vi samler ikke bevisst inn eller behandler opplysninger om barn uten foreldrenes samtykke.<\/p><h3>13. <strong>Endringer i denne personvernerkl\u00e6ringen<\/strong><\/h3><p>Vi kan oppdatere denne personvernerkl\u00e6ringen med jevne mellomrom for \u00e5 gjenspeile endringer i v\u00e5r praksis eller av juridiske og regulatoriske \u00e5rsaker. Den nyeste versjonen vil alltid v\u00e6re tilgjengelig p\u00e5 nettstedet v\u00e5rt.<\/p><h3>14. <strong>Kontakt oss<\/strong><\/h3><p>Hvis du har sp\u00f8rsm\u00e5l, bekymringer eller foresp\u00f8rsler ang\u00e5ende denne personvernerkl\u00e6ringen eller personopplysningene dine, kan du kontakte oss p\u00e5<\/p><p><strong>ALL4SALES Nordic AB<\/strong><br \/>Rosengrens gata 3A<br \/>216 44 Malm\u00f6<br \/>E-post: <a rel=\"noopener\">info@ALL4SALES.se<\/a><\/p>\t\t\t\t\t\t\t\t<\/div>\n\t\t\t\t<\/div>\n\t\t\t\t\t<\/div>\n\t\t\t\t<\/div>\n\t\t\t\t<\/div>","protected":false},"excerpt":{"rendered":"<p>Last Updated: November 5 2024 ALL4SALES Nordic AB (\u201cwe,\u201d \u201cour,\u201d or \u201cus\u201d) respects your privacy and is committed to protecting your personal data. This Privacy Policy explains how we collect, use, and protect the personal data of individuals (\u201cyou\u201d or \u201cusers\u201d) who use our services, including sales recruitment and sales training. This policy also covers [&hellip;]<\/p>\n","protected":false},"author":1,"featured_media":0,"parent":0,"menu_order":0,"comment_status":"closed","ping_status":"closed","template":"","meta":{"om_disable_all_campaigns":false,"_monsterinsights_skip_tracking":false,"_monsterinsights_sitenote_active":false,"_monsterinsights_sitenote_note":"","_monsterinsights_sitenote_category":0,"footnotes":""},"class_list":["post-4643","page","type-page","status-publish","hentry"],"aioseo_notices":[],"_links":{"self":[{"href":"https:\/\/all4sales.se\/nb\/wp-json\/wp\/v2\/pages\/4643","targetHints":{"allow":["GET"]}}],"collection":[{"href":"https:\/\/all4sales.se\/nb\/wp-json\/wp\/v2\/pages"}],"about":[{"href":"https:\/\/all4sales.se\/nb\/wp-json\/wp\/v2\/types\/page"}],"author":[{"embeddable":true,"href":"https:\/\/all4sales.se\/nb\/wp-json\/wp\/v2\/users\/1"}],"replies":[{"embeddable":true,"href":"https:\/\/all4sales.se\/nb\/wp-json\/wp\/v2\/comments?post=4643"}],"version-history":[{"count":0,"href":"https:\/\/all4sales.se\/nb\/wp-json\/wp\/v2\/pages\/4643\/revisions"}],"wp:attachment":[{"href":"https:\/\/all4sales.se\/nb\/wp-json\/wp\/v2\/media?parent=4643"}],"curies":[{"name":"wp","href":"https:\/\/api.w.org\/{rel}","templated":true}]}}