{"id":4643,"date":"2024-11-01T13:42:16","date_gmt":"2024-11-01T13:42:16","guid":{"rendered":"https:\/\/all4sales.se\/?page_id=4643"},"modified":"2024-11-05T07:54:57","modified_gmt":"2024-11-05T07:54:57","slug":"privacy-policy","status":"publish","type":"page","link":"https:\/\/all4sales.se\/fi\/privacy-policy\/","title":{"rendered":"Tietosuojak\u00e4yt\u00e4nt\u00f6"},"content":{"rendered":"<div data-elementor-type=\"wp-page\" data-elementor-id=\"4643\" class=\"elementor elementor-4643\" data-elementor-post-type=\"page\">\n\t\t\t\t<div class=\"elementor-element elementor-element-a28475d e-flex e-con-boxed e-con e-parent\" data-id=\"a28475d\" data-element_type=\"container\" data-e-type=\"container\">\n\t\t\t\t\t<div class=\"e-con-inner\">\n\t\t\t\t<div class=\"elementor-element elementor-element-d6f68ff elementor-widget elementor-widget-text-editor\" data-id=\"d6f68ff\" data-element_type=\"widget\" data-e-type=\"widget\" data-widget_type=\"text-editor.default\">\n\t\t\t\t<div class=\"elementor-widget-container\">\n\t\t\t\t\t\t\t\t\t<p><em>Viimeksi p\u00e4ivitetty: 5. marraskuuta 2024<\/em><\/p><p>ALL4SALES Nordic AB (\u201cme\u201d, \u201cmeid\u00e4n\u201d tai \u201cmeit\u00e4\u201d) kunnioittaa yksityisyytt\u00e4si ja on sitoutunut suojelemaan henkil\u00f6tietojasi. T\u00e4ss\u00e4 tietosuojak\u00e4yt\u00e4nn\u00f6ss\u00e4 selitet\u00e4\u00e4n, miten ker\u00e4\u00e4mme, k\u00e4yt\u00e4mme ja suojaamme niiden henkil\u00f6iden (\u201csin\u00e4\u201d tai \u201ck\u00e4ytt\u00e4j\u00e4t\u201d) henkil\u00f6tietoja, jotka k\u00e4ytt\u00e4v\u00e4t palveluitamme, mukaan lukien myynnin rekrytointi ja myyntikoulutus. T\u00e4m\u00e4 k\u00e4yt\u00e4nt\u00f6 kattaa my\u00f6s ev\u00e4steiden, Google Analyticsin, WordPressin ja vastaavien seurantatekniikoiden k\u00e4yt\u00f6n verkkosivustollamme.<\/p><h3>1. <strong>Keit\u00e4 me olemme<\/strong><\/h3><p>Olemme ruotsalainen yritys, joka on erikoistunut myynnin rekrytointiin ja myyntikoulutuspalveluihin. T\u00e4m\u00e4 k\u00e4yt\u00e4nt\u00f6 on yleisen tietosuoja-asetuksen (GDPR) mukainen, ja sit\u00e4 sovelletaan kaikkiin henkil\u00f6ihin, joiden henkil\u00f6tietoja ker\u00e4\u00e4mme ja k\u00e4sittelemme.<\/p><h3>2. <strong>Ker\u00e4\u00e4m\u00e4mme tiedot<\/strong><\/h3><p>Voimme ker\u00e4t\u00e4 ja k\u00e4sitell\u00e4 seuraavanlaisia henkil\u00f6tietoja:<\/p><ul><li><strong>Yhteystiedot:<\/strong> Nimi, s\u00e4hk\u00f6postiosoite, puhelinnumero ja postiosoite.<\/li><li><strong>Ammatilliset tiedot:<\/strong> Ansioluettelo, ty\u00f6kokemus, p\u00e4tevyys, taidot ja koulutustiedot.<\/li><li><strong>Ty\u00f6llisyystiedot:<\/strong> Nykyist\u00e4 ja aiempaa ty\u00f6t\u00e4 koskevat tiedot, teht\u00e4v\u00e4nimike ja suositukset.<\/li><li><strong>Koulutustiedot:<\/strong> Koulutustilaisuuksiin osallistuminen, annettu palaute ja suoritukset harjoituksissa.<\/li><li><strong>Viestint\u00e4tiedot:<\/strong> Tiedot kanssamme s\u00e4hk\u00f6postitse, puhelimitse tai muilla viestint\u00e4menetelmill\u00e4 tapahtuvasta kanssak\u00e4ymisest\u00e4si.<\/li><li><strong>Yhteydenottolomakkeiden kautta ker\u00e4tyt tiedot:<\/strong> Kun l\u00e4het\u00e4t yhteydenottolomakkeen verkkosivustollamme, ker\u00e4\u00e4mme tietoja, kuten nimesi, s\u00e4hk\u00f6postiosoitteesi ja viestin sis\u00e4ll\u00f6n. N\u00e4it\u00e4 tietoja k\u00e4ytet\u00e4\u00e4n ainoastaan yhteydenottoon tiedusteluusi liittyen, eik\u00e4 niit\u00e4 k\u00e4ytet\u00e4 markkinointitarkoituksiin, ellet nimenomaisesti suostu t\u00e4llaiseen viestint\u00e4\u00e4n.<\/li><li><strong>Tekniset tiedot:<\/strong> IP-osoitteet, selaintyyppi ja laitetiedot, erityisesti verkkosivustomme ja ev\u00e4steiden kautta.<\/li><li><strong>Analyyttiset tiedot:<\/strong> K\u00e4yt\u00e4mme Google Analyticsia ker\u00e4t\u00e4ksemme tietoja verkkosivuston k\u00e4yt\u00f6st\u00e4, mukaan lukien tiedot vierailtujen sivujen, kullakin sivulla vietetyn ajan ja k\u00e4ytt\u00e4j\u00e4n vuorovaikutuksen osalta verkkosivustollamme. N\u00e4m\u00e4 tiedot auttavat meit\u00e4 analysoimaan verkkosivuston liikennett\u00e4 ja parantamaan k\u00e4ytt\u00e4j\u00e4kokemusta.<\/li><\/ul><h3>3. <strong>Miten k\u00e4yt\u00e4mme tietojasi<\/strong><\/h3><p>K\u00e4yt\u00e4mme henkil\u00f6tietojasi seuraaviin tarkoituksiin:<\/p><ul><li><strong>Myynnin rekrytointipalvelut:<\/strong> Arvioidaksemme p\u00e4tevyytt\u00e4, sovittaaksemme ehdokkaita avoimiin ty\u00f6paikkoihin ja tiedottaaksemme ty\u00f6llistymismahdollisuuksista.<\/li><li><strong>Myynnin koulutuspalvelut:<\/strong> Henkil\u00f6iden rekister\u00f6inti koulutukseen, suoritusten seuranta ja palautteen antaminen.<\/li><li><strong>Yhteydenottolomakkeen vastaukset:<\/strong> Vastata yhteydenottolomakkeen kautta l\u00e4hetettyihin tiedusteluihin. Yhteydenottolomakkeiden kautta ker\u00e4ttyj\u00e4 tietoja k\u00e4ytet\u00e4\u00e4n vain kyselyyn vastaamiseen, eik\u00e4 niit\u00e4 k\u00e4ytet\u00e4 markkinointitarkoituksiin, ellet ole nimenomaisesti antanut siihen suostumustasi.<\/li><li><strong>Lains\u00e4\u00e4d\u00e4nn\u00f6n noudattaminen:<\/strong> Oikeudellisten ja s\u00e4\u00e4ntelyvelvoitteiden noudattaminen, riitojen ratkaiseminen ja sopimustemme noudattamisen valvominen.<\/li><li><strong>Verkkosivuston toiminnallisuus ja analytiikka:<\/strong> Verkkosivuston toiminnallisuuden parantaminen ja k\u00e4ytt\u00e4jien k\u00e4ytt\u00e4ytymist\u00e4 koskevien tietojen ker\u00e4\u00e4minen ev\u00e4steiden, Google Analyticsin ja WordPress-alustan avulla.<\/li><\/ul><h3>4. <strong>Verkkosivustoalusta, ev\u00e4steet, Google Analytics ja seurantateknologiat<\/strong><\/h3><p>Sivustomme on rakennettu <strong>WordPress<\/strong>, joka auttaa hallinnoimaan ja toimittamaan verkkosivustomme sis\u00e4lt\u00f6\u00e4. Lis\u00e4ksi k\u00e4yt\u00e4mme ev\u00e4steit\u00e4, Google Analyticsia ja vastaavia tekniikoita k\u00e4ytt\u00e4j\u00e4kokemuksen parantamiseen, sis\u00e4ll\u00f6n personointiin ja verkkosivuston liikenteen analysointiin.<\/p><ul><li><p><strong>WordPress-toiminnallisuus:<\/strong> WordPress k\u00e4ytt\u00e4\u00e4 erilaisia liit\u00e4nn\u00e4isi\u00e4 ja ty\u00f6kaluja, jotka voivat ker\u00e4t\u00e4 tietoja sivuston suorituskyvyst\u00e4 ja k\u00e4vij\u00f6iden toiminnasta varmistaakseen sivuston toimivuuden ja optimoidakseen k\u00e4ytt\u00e4j\u00e4kokemuksen. WordPress voi my\u00f6s k\u00e4ytt\u00e4\u00e4 ev\u00e4steit\u00e4 muistamaan k\u00e4ytt\u00e4j\u00e4n asetukset, kirjautumistiedot ja selaustoiminnot.<\/p><\/li><li><p><strong>K\u00e4ytt\u00e4m\u00e4mme ev\u00e4stetyypit:<\/strong><\/p><ul><li><strong>V\u00e4ltt\u00e4m\u00e4tt\u00f6m\u00e4t ev\u00e4steet:<\/strong> V\u00e4ltt\u00e4m\u00e4t\u00f6n verkkosivuston toiminnallisuuden kannalta, kuten turvallisen kirjautumisen mahdollistaminen.<\/li><li><strong>Mieltymysev\u00e4steet:<\/strong> K\u00e4ytet\u00e4\u00e4n mieltymystesi ja valintojesi muistamiseen (esim. kielivalinta).<\/li><li><strong>Tilastot Ev\u00e4steet:<\/strong> K\u00e4ytet\u00e4\u00e4n analyyttisiin tarkoituksiin, jotta voidaan ymm\u00e4rt\u00e4\u00e4, miten k\u00e4vij\u00e4t toimivat verkkosivuston kanssa.<\/li><li><strong>Markkinointiev\u00e4steet:<\/strong> K\u00e4ytet\u00e4\u00e4n selaustottumusten seuraamiseen ja tarvittaessa henkil\u00f6kohtaisen mainonnan mahdollistamiseen.<\/li><\/ul><\/li><li><p><strong>Google Analytics:<\/strong> K\u00e4yt\u00e4mme Google Analyticsia, Google Inc:n tarjoamaa web-analyysipalvelua ker\u00e4t\u00e4ksemme tietoa siit\u00e4, miten k\u00e4ytt\u00e4j\u00e4t ovat vuorovaikutuksessa verkkosivustomme kanssa. Google Analytics k\u00e4ytt\u00e4\u00e4 ev\u00e4steit\u00e4 analysoidakseen verkkosivuston liikennett\u00e4 ja k\u00e4ytt\u00f6tapoja, jotta voimme parantaa verkkosivuston suorituskyky\u00e4. Ker\u00e4ttyihin tietoihin voi sis\u00e4lty\u00e4 tietoja laitteestasi, IP-osoitteestasi ja vuorovaikutuksestasi verkkosivustollamme. N\u00e4m\u00e4 tiedot ovat anonymisoituja ja koottuja, eli niist\u00e4 ei voida tunnistaa yksitt\u00e4isi\u00e4 k\u00e4ytt\u00e4ji\u00e4. Voit kielt\u00e4yty\u00e4 k\u00e4ytt\u00e4m\u00e4st\u00e4 Google Analyticsia asentamalla Google Analyticsin kielt\u00e4v\u00e4n selainlaajennuksen, joka on saatavana osoitteessa <a target=\"_new\" rel=\"noopener\">t\u00e4\u00e4ll\u00e4<\/a>.<\/p><\/li><li><p><strong>Ev\u00e4steiden hallinta:<\/strong> Voit hallita ev\u00e4steit\u00e4 tai poistaa ne k\u00e4yt\u00f6st\u00e4 selaimesi asetuksia s\u00e4\u00e4t\u00e4m\u00e4ll\u00e4. Huomaa, ett\u00e4 tiettyjen ev\u00e4steiden poistaminen k\u00e4yt\u00f6st\u00e4 voi vaikuttaa verkkosivuston toimintaan. Lis\u00e4tietoja ev\u00e4steiden hallinnasta saat selaimesi ohjeosiosta tai verkkol\u00e4hteist\u00e4 osoitteessa <a href=\"https:\/\/www.allaboutcookies.org\" target=\"_new\" rel=\"noopener\">https:\/\/www.allaboutcookies.org<\/a>.<\/p><\/li><\/ul><h3>5. <strong>Hosting-palveluntarjoaja<\/strong><\/h3><p>Sivustomme is\u00e4nn\u00f6i <strong>Loopia AB<\/strong>, hyv\u00e4maineinen hosting-palveluntarjoaja Ruotsissa. Loopia AB:ll\u00e4 voi olla p\u00e4\u00e4sy tiettyihin teknisiin tietoihin, jotka ovat v\u00e4ltt\u00e4m\u00e4tt\u00f6mi\u00e4 verkkosivustomme turvallisen ja luotettavan k\u00e4yt\u00f6n ja yll\u00e4pidon kannalta. Loopia AB noudattaa GDPR-vaatimuksia ja varmistaa, ett\u00e4 kaikki sen k\u00e4sittelem\u00e4t tiedot ovat suojattuja ja turvallisia.<\/p><h3>6. <strong>K\u00e4sittelyn oikeusperusta<\/strong><\/h3><p>Henkil\u00f6tietojen k\u00e4sittelyn oikeusperustamme ovat:<\/p><ul><li><strong>Suostumus:<\/strong> Kun ilmoittaudut vastaanottamaan markkinointia tai muuta vapaaehtoista tietoa.<\/li><li><strong>Sopimusvelvoite:<\/strong> Sopimuksen toteuttamiseksi tarvittava k\u00e4sittely, kuten rekrytointi- ja koulutuspalvelujen tarjoaminen.<\/li><li><strong>Oikeutettu etu:<\/strong> liiketoimintaan, kuten palveluidemme parantamiseen ja viestinn\u00e4n hallintaan, edellytt\u00e4en, ett\u00e4 n\u00e4m\u00e4 eiv\u00e4t syrj\u00e4yt\u00e4 oikeuksiasi.<\/li><li><strong>Oikeudellinen velvoite:<\/strong> sovellettavan lains\u00e4\u00e4d\u00e4nn\u00f6n, kuten ty\u00f6- ja verolains\u00e4\u00e4d\u00e4nn\u00f6n, edellytt\u00e4m\u00e4 k\u00e4sittely.<\/li><\/ul><h3>7. <strong>Miten jaamme tietojasi<\/strong><\/h3><p>Voimme jakaa henkil\u00f6tietojasi seuraavien osapuolten kanssa:<\/p><ul><li><strong>Asiakkaat:<\/strong> Rekrytointitarkoituksessa voimme jakaa tietojasi mahdollisille ty\u00f6nantajille suostumuksellasi.<\/li><li><strong>Koulutuksen tarjoajat:<\/strong> Tarvittaessa voimme jakaa tietoja kouluttajien tai kolmansien osapuolten koulutuskumppaneiden kanssa.<\/li><li><strong>Palveluntarjoajat:<\/strong> K\u00e4yt\u00e4mme kolmansia osapuolia IT-tukeen, markkinointiin ja hallinnollisiin palveluihin.<\/li><li><strong>Oikeusviranomaiset:<\/strong> Jos laki niin vaatii, voimme jakaa tietoja s\u00e4\u00e4ntelyviranomaisten, tuomioistuinten tai lainvalvontaviranomaisten kanssa.<\/li><\/ul><h3>8. <strong>Tietojen s\u00e4ilytt\u00e4minen<\/strong><\/h3><p>S\u00e4ilyt\u00e4mme henkil\u00f6tietoja vain niin kauan kuin on tarpeen niiden tarkoitusten t\u00e4ytt\u00e4miseksi, joita varten ne on ker\u00e4tty, tai lain edellytt\u00e4m\u00e4ll\u00e4 tavalla. Esimerkiksi rekrytointiin liittyvi\u00e4 tietoja s\u00e4ilytet\u00e4\u00e4n rekrytointiprosessin loppuun asti, ellei niiden s\u00e4ilytt\u00e4minen jatkossa ole tarpeen oikeutettujen etujen tai lains\u00e4\u00e4d\u00e4nn\u00f6n noudattamisen vuoksi. Yhteydenottolomakkeella ker\u00e4ttyj\u00e4 tietoja s\u00e4ilytet\u00e4\u00e4n vain niin kauan kuin on tarpeen kyselyyn vastaamiseksi tai lain edellytt\u00e4m\u00e4ll\u00e4 tavalla.<\/p><h3>9. <strong>Oikeutesi<\/strong><\/h3><p>Yleisen tietosuoja-asetuksen mukaan sinulla on seuraavat henkil\u00f6tietojasi koskevat oikeudet:<\/p><ul><li><strong>Oikeus tutustua:<\/strong> Sinulla on oikeus pyyt\u00e4\u00e4 p\u00e4\u00e4sy hallussamme oleviin henkil\u00f6tietoihisi.<\/li><li><strong>Oikeus tietojen oikaisemiseen:<\/strong> Sinulla on oikeus pyyt\u00e4\u00e4 oikaisua ep\u00e4tarkkoihin tai puutteellisiin henkil\u00f6tietoihin.<\/li><li><strong>Oikeus tietojen poistamiseen (\u201coikeus tulla unohdetuksi\u201d):<\/strong> Sinulla on oikeus pyyt\u00e4\u00e4 henkil\u00f6tietojesi poistamista tietyiss\u00e4 tilanteissa.<\/li><li><strong>Oikeus rajoittaa k\u00e4sittely\u00e4:<\/strong> Sinulla on oikeus pyyt\u00e4\u00e4 tietojesi k\u00e4sittelyn rajoittamista.<\/li><li><strong>Oikeus tietojen siirrett\u00e4vyyteen:<\/strong> Sinulla on oikeus pyyt\u00e4\u00e4 kopio tiedoistasi yleisesti k\u00e4ytetyss\u00e4 muodossa.<\/li><li><strong>Oikeus vastustaa:<\/strong> Sinulla on oikeus vastustaa k\u00e4sittely\u00e4, joka perustuu oikeutettuihin etuihin, mukaan lukien suoramarkkinointi.<\/li><\/ul><p>Voit k\u00e4ytt\u00e4\u00e4 n\u00e4it\u00e4 oikeuksia ottamalla meihin yhteytt\u00e4 alla oleviin yhteystietoihin.<\/p><h3>10. <strong>Tietoturva<\/strong><\/h3><p>Olemme toteuttaneet teknisi\u00e4 ja organisatorisia toimenpiteit\u00e4 suojellaksemme tietojasi luvattomalta k\u00e4yt\u00f6lt\u00e4, muuttamiselta, paljastamiselta tai tuhoamiselta. Mik\u00e4\u00e4n tiedonsiirto internetiss\u00e4 ei kuitenkaan ole t\u00e4ysin turvallista, emmek\u00e4 voi taata ehdotonta turvallisuutta.<\/p><h3>11. <strong>Kansainv\u00e4liset siirrot<\/strong><\/h3><p>Jos henkil\u00f6tietoja siirret\u00e4\u00e4n Euroopan talousalueen (ETA) ulkopuolelle, varmistamme, ett\u00e4 ne suojataan asianmukaisilla suojatoimilla, kuten EU:n hyv\u00e4ksymill\u00e4 vakiosopimuslausekkeilla tai sitovilla yrityss\u00e4\u00e4nn\u00f6ill\u00e4.<\/p><h3>12. <strong>Lasten yksityisyys<\/strong><\/h3><p>Palvelujamme ei ole suunnattu alle 18-vuotiaille henkil\u00f6ille. Emme tietoisesti ker\u00e4\u00e4 tai k\u00e4sittele lasten tietoja ilman vanhempien suostumusta.<\/p><h3>13. <strong>Muutokset t\u00e4h\u00e4n tietosuojak\u00e4yt\u00e4nt\u00f6\u00f6n<\/strong><\/h3><p>Saatamme p\u00e4ivitt\u00e4\u00e4 t\u00e4t\u00e4 tietosuojak\u00e4yt\u00e4nt\u00f6\u00e4 m\u00e4\u00e4r\u00e4ajoin vastaamaan k\u00e4yt\u00e4nt\u00f6jemme muutoksia tai oikeudellisista ja lains\u00e4\u00e4d\u00e4nn\u00f6llisist\u00e4 syist\u00e4. Uusin versio on aina saatavilla verkkosivustollamme.<\/p><h3>14. <strong>Ota yhteytt\u00e4<\/strong><\/h3><p>Jos sinulla on kysymyksi\u00e4, huolenaiheita tai pyynt\u00f6j\u00e4 t\u00e4st\u00e4 tietosuojak\u00e4yt\u00e4nn\u00f6st\u00e4 tai henkil\u00f6tiedoistasi, ota meihin yhteytt\u00e4:<\/p><p><strong>ALL4SALES Nordic AB<\/strong><br \/>Rosengrens gata 3A<br \/>216 44 Malm\u00f6<br \/>S\u00e4hk\u00f6posti: <a rel=\"noopener\">info@ALL4SALES.se<\/a><\/p>\t\t\t\t\t\t\t\t<\/div>\n\t\t\t\t<\/div>\n\t\t\t\t\t<\/div>\n\t\t\t\t<\/div>\n\t\t\t\t<\/div>","protected":false},"excerpt":{"rendered":"<p>Last Updated: November 5 2024 ALL4SALES Nordic AB (\u201cwe,\u201d \u201cour,\u201d or \u201cus\u201d) respects your privacy and is committed to protecting your personal data. This Privacy Policy explains how we collect, use, and protect the personal data of individuals (\u201cyou\u201d or \u201cusers\u201d) who use our services, including sales recruitment and sales training. This policy also covers [&hellip;]<\/p>\n","protected":false},"author":1,"featured_media":0,"parent":0,"menu_order":0,"comment_status":"closed","ping_status":"closed","template":"","meta":{"om_disable_all_campaigns":false,"_monsterinsights_skip_tracking":false,"_monsterinsights_sitenote_active":false,"_monsterinsights_sitenote_note":"","_monsterinsights_sitenote_category":0,"footnotes":""},"class_list":["post-4643","page","type-page","status-publish","hentry"],"aioseo_notices":[],"_links":{"self":[{"href":"https:\/\/all4sales.se\/fi\/wp-json\/wp\/v2\/pages\/4643","targetHints":{"allow":["GET"]}}],"collection":[{"href":"https:\/\/all4sales.se\/fi\/wp-json\/wp\/v2\/pages"}],"about":[{"href":"https:\/\/all4sales.se\/fi\/wp-json\/wp\/v2\/types\/page"}],"author":[{"embeddable":true,"href":"https:\/\/all4sales.se\/fi\/wp-json\/wp\/v2\/users\/1"}],"replies":[{"embeddable":true,"href":"https:\/\/all4sales.se\/fi\/wp-json\/wp\/v2\/comments?post=4643"}],"version-history":[{"count":0,"href":"https:\/\/all4sales.se\/fi\/wp-json\/wp\/v2\/pages\/4643\/revisions"}],"wp:attachment":[{"href":"https:\/\/all4sales.se\/fi\/wp-json\/wp\/v2\/media?parent=4643"}],"curies":[{"name":"wp","href":"https:\/\/api.w.org\/{rel}","templated":true}]}}