{"id":4191,"date":"2024-10-23T07:29:29","date_gmt":"2024-10-23T07:29:29","guid":{"rendered":"https:\/\/all4sales.se\/job-openings\/"},"modified":"2025-02-18T20:33:16","modified_gmt":"2025-02-18T20:33:16","slug":"job-openings","status":"publish","type":"page","link":"https:\/\/all4sales.se\/fi\/job-openings\/","title":{"rendered":"Ty\u00f6paikat"},"content":{"rendered":"<div class=\"awsm-job-wrap\">\n\n\t\t\n\t\t<div class=\"awsm-job-listings awsm-row awsm-grid-col-3\" data-listings=\"10\">\n\t\t\t\t\t<div class=\"awsm-job-listing-item awsm-grid-item\" id=\"awsm-grid-item-4232\">\t\t<a href=\"https:\/\/all4sales.se\/fi\/jobs\/kundansvarig-teknisk-saljare-till-formplast\/\" class=\"awsm-job-item\">\t\t\t<div class=\"awsm-grid-left-col\">\n\t\t\t\t\n\t\t\t\t<div class=\"awsm-job-featured-image\"><img decoding=\"async\" width=\"150\" height=\"150\" src=\"https:\/\/all4sales.se\/wp-content\/uploads\/2025\/02\/Formplast-1-1-150x150.avif\" class=\"attachment-thumbnail size-thumbnail not-transparent\" alt=\"\" srcset=\"https:\/\/all4sales.se\/wp-content\/uploads\/2025\/02\/Formplast-1-1-150x150.avif 150w, https:\/\/all4sales.se\/wp-content\/uploads\/2025\/02\/Formplast-1-1-12x12.avif 12w, https:\/\/all4sales.se\/wp-content\/uploads\/2025\/02\/Formplast-1-1.avif 300w\" sizes=\"(max-width: 150px) 100vw, 150px\" data-has-transparency=\"false\" data-dominant-color=\"f6fafb\" style=\"--dominant-color: #f6fafb;\" \/><\/div>\n\t\t\t\t<h2 class=\"awsm-job-post-title\">\n\t\t\t\t\tTekninen asiakkuusp\u00e4\u00e4llikk\u00f6 kohti Euroopan teollisuutta\u00a0\t\t\t\t<\/h2>\n\n\t\t\t\t\t\t\t<\/div>\n\n\t\t\t<div class=\"awsm-grid-right-col\">\n\t\t\t\t<div class=\"awsm-job-more-container\"><span class=\"awsm-job-more\">More Details <span><\/span><\/span><\/div>\t\t\t<\/div>\n\t\t<\/a>\t<\/div>\t\t\t\t<\/div>\n\t<\/div>","protected":false},"excerpt":{"rendered":"","protected":false},"author":1,"featured_media":0,"parent":0,"menu_order":0,"comment_status":"closed","ping_status":"closed","template":"","meta":{"om_disable_all_campaigns":false,"_monsterinsights_skip_tracking":false,"_monsterinsights_sitenote_active":false,"_monsterinsights_sitenote_note":"","_monsterinsights_sitenote_category":0,"footnotes":""},"class_list":["post-4191","page","type-page","status-publish","hentry"],"aioseo_notices":[],"_links":{"self":[{"href":"https:\/\/all4sales.se\/fi\/wp-json\/wp\/v2\/pages\/4191","targetHints":{"allow":["GET"]}}],"collection":[{"href":"https:\/\/all4sales.se\/fi\/wp-json\/wp\/v2\/pages"}],"about":[{"href":"https:\/\/all4sales.se\/fi\/wp-json\/wp\/v2\/types\/page"}],"author":[{"embeddable":true,"href":"https:\/\/all4sales.se\/fi\/wp-json\/wp\/v2\/users\/1"}],"replies":[{"embeddable":true,"href":"https:\/\/all4sales.se\/fi\/wp-json\/wp\/v2\/comments?post=4191"}],"version-history":[{"count":0,"href":"https:\/\/all4sales.se\/fi\/wp-json\/wp\/v2\/pages\/4191\/revisions"}],"wp:attachment":[{"href":"https:\/\/all4sales.se\/fi\/wp-json\/wp\/v2\/media?parent=4191"}],"curies":[{"name":"wp","href":"https:\/\/api.w.org\/{rel}","templated":true}]}}