{"id":4643,"date":"2024-11-01T13:42:16","date_gmt":"2024-11-01T13:42:16","guid":{"rendered":"https:\/\/all4sales.se\/?page_id=4643"},"modified":"2024-11-05T07:54:57","modified_gmt":"2024-11-05T07:54:57","slug":"privacy-policy","status":"publish","type":"page","link":"https:\/\/all4sales.se\/da\/privacy-policy\/","title":{"rendered":"Politik for beskyttelse af personlige oplysninger"},"content":{"rendered":"<style>.elementor-4643 .elementor-element.elementor-element-a28475d{--display:flex;}<\/style>\t\t<div data-elementor-type=\"wp-page\" data-elementor-id=\"4643\" class=\"elementor elementor-4643\" data-elementor-post-type=\"page\">\n\t\t\t\t<div class=\"elementor-element elementor-element-a28475d e-flex e-con-boxed e-con e-parent\" data-id=\"a28475d\" data-element_type=\"container\" data-e-type=\"container\">\n\t\t\t\t\t<div class=\"e-con-inner\">\n\t\t\t\t<div class=\"elementor-element elementor-element-d6f68ff elementor-widget elementor-widget-text-editor\" data-id=\"d6f68ff\" data-element_type=\"widget\" data-e-type=\"widget\" data-widget_type=\"text-editor.default\">\n\t\t\t\t<div class=\"elementor-widget-container\">\n\t\t\t\t\t\t\t\t\t<p><em>Sidst opdateret: 5. november 2024<\/em><\/p><p>ALL4SALES Nordic AB (\u201cvi\u201d, \u201cvores\u201d eller \u201cos\u201d) respekterer dit privatliv og er forpligtet til at beskytte dine personlige data. Denne fortrolighedspolitik forklarer, hvordan vi indsamler, bruger og beskytter personoplysninger om enkeltpersoner (\u201cdig\u201d eller \u201cbrugere\u201d), der bruger vores tjenester, herunder salgsrekruttering og salgstr\u00e6ning. Denne politik d\u00e6kker ogs\u00e5 vores brug af cookies, Google Analytics, WordPress og lignende sporingsteknologier p\u00e5 vores hjemmeside.<\/p><h3>1. <strong>Hvem vi er<\/strong><\/h3><p>Vi er en svenskbaseret virksomhed med speciale i salgsrekruttering og salgstr\u00e6ning. Denne politik er i overensstemmelse med den generelle forordning om databeskyttelse (GDPR) og g\u00e6lder for alle personer, hvis personoplysninger vi indsamler og behandler.<\/p><h3>2. <strong>Data, vi indsamler<\/strong><\/h3><p>Vi kan indsamle og behandle f\u00f8lgende typer af personoplysninger:<\/p><ul><li><strong>Kontaktoplysninger:<\/strong> Navn, e-mailadresse, telefonnummer og postadresse.<\/li><li><strong>Professionel information:<\/strong> CV, arbejdserfaring, kvalifikationer, f\u00e6rdigheder og uddannelsesoplysninger.<\/li><li><strong>Information om ans\u00e6ttelse:<\/strong> Oplysninger om nuv\u00e6rende og tidligere besk\u00e6ftigelse, jobtitel og referencer.<\/li><li><strong>Information om tr\u00e6ning:<\/strong> Deltagelse i tr\u00e6ningssessioner, feedback og pr\u00e6station i tr\u00e6nings\u00f8velser.<\/li><li><strong>Kommunikationsdata:<\/strong> Detaljer om dine interaktioner med os via e-mail, telefon eller andre kommunikationsmetoder.<\/li><li><strong>Data indsamlet via kontaktformularer:<\/strong> N\u00e5r du indsender en kontaktformular p\u00e5 vores hjemmeside, indsamler vi oplysninger som dit navn, din e-mail og meddelelsens indhold. Disse data bruges udelukkende til at kontakte dig i forbindelse med din henvendelse og vil ikke blive brugt til markedsf\u00f8ringsform\u00e5l, medmindre du udtrykkeligt v\u00e6lger at modtage en s\u00e5dan kommunikation.<\/li><li><strong>Tekniske data:<\/strong> IP-adresser, browsertype og enhedsoplysninger, is\u00e6r via vores hjemmeside og cookies.<\/li><li><strong>Analyse af data:<\/strong> Vi bruger Google Analytics til at indsamle oplysninger om brugen af hjemmesiden, herunder data som bes\u00f8gte sider, tid brugt p\u00e5 hver side og brugerinteraktioner p\u00e5 vores hjemmeside. Disse oplysninger hj\u00e6lper os med at analysere trafikken p\u00e5 hjemmesiden og forbedre brugeroplevelsen.<\/li><\/ul><h3>3. <strong>S\u00e5dan bruger vi dine data<\/strong><\/h3><p>Vi bruger dine personlige data til f\u00f8lgende form\u00e5l:<\/p><ul><li><strong>Rekruttering af s\u00e6lgere:<\/strong> At vurdere kvalifikationer, matche kandidater med ledige stillinger og kommunikere om ans\u00e6ttelsesmuligheder.<\/li><li><strong>Salgstr\u00e6ningstjenester:<\/strong> At registrere personer til tr\u00e6ning, spore pr\u00e6stationer og give feedback.<\/li><li><strong>Svar p\u00e5 kontaktformularer:<\/strong> For at svare p\u00e5 foresp\u00f8rgsler indsendt via kontaktformularen. Data indsamlet via kontaktformularer vil kun blive brugt til at svare p\u00e5 foresp\u00f8rgslen og vil ikke blive brugt til markedsf\u00f8ringsform\u00e5l, medmindre du udtrykkeligt har valgt det.<\/li><li><strong>Overholdelse af lovgivningen:<\/strong> For at overholde juridiske og lovgivningsm\u00e6ssige forpligtelser, l\u00f8se tvister og h\u00e5ndh\u00e6ve vores aftaler.<\/li><li><strong>Hjemmesidefunktionalitet og -analyse:<\/strong> At forbedre hjemmesidens funktionalitet og f\u00e5 indsigt i brugernes adf\u00e6rd ved hj\u00e6lp af cookies, Google Analytics og WordPress-platformen.<\/li><\/ul><h3>4. <strong>Hjemmesideplatform, cookies, Google Analytics og sporingsteknologier<\/strong><\/h3><p>Vores hjemmeside er bygget p\u00e5 <strong>WordPress<\/strong>, som hj\u00e6lper med at administrere og levere vores webstedsindhold. Derudover bruger vi cookies, Google Analytics og lignende teknologier til at forbedre brugeroplevelsen, tilpasse indholdet og analysere trafikken p\u00e5 websitet.<\/p><ul><li><p><strong>WordPress-funktionalitet:<\/strong> WordPress bruger en r\u00e6kke plugins og v\u00e6rkt\u00f8jer, der kan indsamle data om webstedets ydeevne og bes\u00f8gendes aktivitet for at sikre webstedets funktionalitet og optimere brugeroplevelsen. WordPress kan ogs\u00e5 bruge cookies til at huske brugerpr\u00e6ferencer, loginoplysninger og browsingaktiviteter.<\/p><\/li><li><p><strong>Typer af cookies, vi bruger:<\/strong><\/p><ul><li><strong>N\u00f8dvendige cookies:<\/strong> N\u00f8dvendig for hjemmesidens funktionalitet, f.eks. for at muligg\u00f8re sikkert log-in.<\/li><li><strong>Pr\u00e6ference-cookies:<\/strong> Bruges til at huske dine pr\u00e6ferencer og valg (f.eks. valg af sprog).<\/li><li><strong>Cookies til statistik:<\/strong> Bruges til analyseform\u00e5l for at forst\u00e5, hvordan bes\u00f8gende interagerer med hjemmesiden.<\/li><li><strong>Cookies til markedsf\u00f8ring:<\/strong> Bruges til at spore browsingvaner og muligg\u00f8re personlig annoncering, hvis det er relevant.<\/li><\/ul><\/li><li><p><strong>Google Analytics:<\/strong> Vi bruger Google Analytics, en webanalysetjeneste leveret af Google, Inc. til at indsamle oplysninger om, hvordan brugerne interagerer med vores hjemmeside. Google Analytics bruger cookies til at analysere webstedets trafik og brugsm\u00f8nstre, s\u00e5 vi kan forbedre webstedets ydeevne. De indsamlede data kan omfatte oplysninger om din enhed, IP-adresse og interaktioner p\u00e5 vores hjemmeside. Disse oplysninger er anonymiserede og aggregerede, hvilket betyder, at de ikke identificerer individuelle brugere. Du kan frav\u00e6lge Google Analytics ved at installere Google Analytics opt-out browser add-on, som er tilg\u00e6ngelig <a target=\"_new\" rel=\"noopener\">her<\/a>.<\/p><\/li><li><p><strong>H\u00e5ndtering af cookies:<\/strong> Du kan administrere eller deaktivere cookies ved at justere dine browserindstillinger. Bem\u00e6rk, at deaktivering af visse cookies kan p\u00e5virke webstedets funktionalitet. Du kan f\u00e5 flere oplysninger om h\u00e5ndtering af cookies ved at bes\u00f8ge hj\u00e6lpesektionen i din browser eller tjekke online-ressourcer p\u00e5 <a href=\"https:\/\/www.allaboutcookies.org\" target=\"_new\" rel=\"noopener\">https:\/\/www.allaboutcookies.org<\/a>.<\/p><\/li><\/ul><h3>5. <strong>Hosting-udbyder<\/strong><\/h3><p>Vores hjemmeside er hostet af <strong>Loopia AB<\/strong>, en velrenommeret hostingudbyder i Sverige. Loopia AB kan have adgang til visse tekniske data, der er n\u00f8dvendige for at drive og vedligeholde vores hjemmeside sikkert og p\u00e5lideligt. Loopia AB overholder GDPR-kravene og sikrer, at alle data, de behandler, er beskyttede og sikre.<\/p><h3>6. <strong>Juridisk grundlag for behandling<\/strong><\/h3><p>Vores retsgrundlag for behandling af personoplysninger omfatter:<\/p><ul><li><strong>Samtykke:<\/strong> N\u00e5r du tilmelder dig for at modtage markedsf\u00f8ring eller anden frivillig information.<\/li><li><strong>Kontraktlig forpligtelse:<\/strong> Behandling, der er n\u00f8dvendig for udf\u00f8relsen af en kontrakt, f.eks. opfyldelse af rekrutterings- og uddannelsestjenester.<\/li><li><strong>Berettiget interesse:<\/strong> Til forretningsdrift, s\u00e5som forbedring af vores tjenester og styring af kommunikation, forudsat at disse ikke tilsides\u00e6tter dine rettigheder.<\/li><li><strong>Juridisk forpligtelse:<\/strong> Behandling, der kr\u00e6ves i henhold til g\u00e6ldende lovgivning, f.eks. besk\u00e6ftigelses- og skattelovgivning.<\/li><\/ul><h3>7. <strong>Hvordan vi deler dine data<\/strong><\/h3><p>Vi kan dele dine personlige data med f\u00f8lgende parter:<\/p><ul><li><strong>Klienter:<\/strong> Til rekrutteringsform\u00e5l kan vi dele dine oplysninger med potentielle arbejdsgivere med dit samtykke.<\/li><li><strong>Udbydere af uddannelse:<\/strong> Hvis det er n\u00f8dvendigt, kan vi dele data med undervisere eller tredjepartsuddannelsespartnere.<\/li><li><strong>Udbydere af tjenester:<\/strong> Vi bruger tredjepartsleverand\u00f8rer til IT-support, markedsf\u00f8ring og administrative tjenester.<\/li><li><strong>Juridiske myndigheder:<\/strong> Hvis loven kr\u00e6ver det, kan vi dele data med tilsynsmyndigheder, domstole eller retsh\u00e5ndh\u00e6vende myndigheder.<\/li><\/ul><h3>8. <strong>Opbevaring af data<\/strong><\/h3><p>Vi opbevarer kun personoplysninger, s\u00e5 l\u00e6nge det er n\u00f8dvendigt for at opfylde de form\u00e5l, de blev indsamlet til, eller som loven kr\u00e6ver. For eksempel opbevares rekrutteringsrelaterede data, indtil rekrutteringsprocessen er afsluttet, medmindre yderligere opbevaring er n\u00f8dvendig af hensyn til legitime interesser eller overholdelse af lovgivningen. Data indsamlet via kontaktformularen vil kun blive opbevaret, s\u00e5 l\u00e6nge det er n\u00f8dvendigt for at besvare foresp\u00f8rgslen, eller s\u00e5 l\u00e6nge det er p\u00e5kr\u00e6vet ved lov.<\/p><h3>9. <strong>Dine rettigheder<\/strong><\/h3><p>I henhold til GDPR har du f\u00f8lgende rettigheder vedr\u00f8rende dine personlige data:<\/p><ul><li><strong>Ret til adgang:<\/strong> Du har ret til at anmode om adgang til dine personlige data, som vi har.<\/li><li><strong>Ret til berigtigelse:<\/strong> Du har ret til at anmode om rettelser til eventuelle un\u00f8jagtige eller ufuldst\u00e6ndige personoplysninger.<\/li><li><strong>Ret til sletning (\u201cRetten til at blive glemt\u201d):<\/strong> Du har ret til at anmode om sletning af dine personlige data i visse situationer.<\/li><li><strong>Ret til at begr\u00e6nse behandling:<\/strong> Du har ret til at anmode om en begr\u00e6nsning af behandlingen af dine data.<\/li><li><strong>Ret til dataportabilitet:<\/strong> Du har ret til at anmode om en kopi af dine data i et almindeligt anvendt format.<\/li><li><strong>Ret til at g\u00f8re indsigelse:<\/strong> Du har ret til at g\u00f8re indsigelse mod behandling baseret p\u00e5 legitime interesser, herunder direkte markedsf\u00f8ring.<\/li><\/ul><p>For at ud\u00f8ve disse rettigheder bedes du kontakte os p\u00e5 nedenst\u00e5ende kontaktoplysninger.<\/p><h3>10. <strong>Datasikkerhed<\/strong><\/h3><p>Vi har implementeret tekniske og organisatoriske foranstaltninger for at beskytte dine data mod uautoriseret adgang, \u00e6ndring, offentligg\u00f8relse eller \u00f8del\u00e6ggelse. Ingen overf\u00f8rsel af data over internettet er dog helt sikker, og vi kan ikke garantere absolut sikkerhed.<\/p><h3>11. <strong>Internationale overf\u00f8rsler<\/strong><\/h3><p>Hvis personoplysninger overf\u00f8res til lande uden for Det Europ\u00e6iske \u00d8konomiske Samarbejdsomr\u00e5de (E\u00d8S), sikrer vi, at de beskyttes med passende sikkerhedsforanstaltninger, f.eks. EU-godkendte standardkontraktbestemmelser eller bindende virksomhedsregler.<\/p><h3>12. <strong>B\u00f8rns privatliv<\/strong><\/h3><p>Vores tjenester er ikke rettet mod personer under 18 \u00e5r. Vi indsamler eller behandler ikke bevidst data om b\u00f8rn uden for\u00e6ldrenes samtykke.<\/p><h3>13. <strong>\u00c6ndringer af denne privatlivspolitik<\/strong><\/h3><p>Vi kan opdatere denne privatlivspolitik med j\u00e6vne mellemrum for at afspejle \u00e6ndringer i vores praksis eller af juridiske og lovgivningsm\u00e6ssige \u00e5rsager. Den seneste version vil altid v\u00e6re tilg\u00e6ngelig p\u00e5 vores hjemmeside.<\/p><h3>14. <strong>Kontakt os<\/strong><\/h3><p>Hvis du har sp\u00f8rgsm\u00e5l, bekymringer eller anmodninger vedr\u00f8rende denne fortrolighedspolitik eller dine personlige data, bedes du kontakte os p\u00e5:<\/p><p><strong>ALL4SALES Nordic AB<\/strong><br \/>Rosengrens gata 3A<br \/>216 44 Malm\u00f8<br \/>E-mail: <a rel=\"noopener\">info@ALL4SALES.se<\/a><\/p>\t\t\t\t\t\t\t\t<\/div>\n\t\t\t\t<\/div>\n\t\t\t\t\t<\/div>\n\t\t\t\t<\/div>\n\t\t\t\t<\/div>","protected":false},"excerpt":{"rendered":"<p>Last Updated: November 5 2024 ALL4SALES Nordic AB (\u201cwe,\u201d \u201cour,\u201d or \u201cus\u201d) respects your privacy and is committed to protecting your personal data. This Privacy Policy explains how we collect, use, and protect the personal data of individuals (\u201cyou\u201d or \u201cusers\u201d) who use our services, including sales recruitment and sales training. This policy also covers [&hellip;]<\/p>\n","protected":false},"author":1,"featured_media":0,"parent":0,"menu_order":0,"comment_status":"closed","ping_status":"closed","template":"","meta":{"om_disable_all_campaigns":false,"_monsterinsights_skip_tracking":false,"_monsterinsights_sitenote_active":false,"_monsterinsights_sitenote_note":"","_monsterinsights_sitenote_category":0,"footnotes":""},"class_list":["post-4643","page","type-page","status-publish","hentry"],"aioseo_notices":[],"_links":{"self":[{"href":"https:\/\/all4sales.se\/da\/wp-json\/wp\/v2\/pages\/4643","targetHints":{"allow":["GET"]}}],"collection":[{"href":"https:\/\/all4sales.se\/da\/wp-json\/wp\/v2\/pages"}],"about":[{"href":"https:\/\/all4sales.se\/da\/wp-json\/wp\/v2\/types\/page"}],"author":[{"embeddable":true,"href":"https:\/\/all4sales.se\/da\/wp-json\/wp\/v2\/users\/1"}],"replies":[{"embeddable":true,"href":"https:\/\/all4sales.se\/da\/wp-json\/wp\/v2\/comments?post=4643"}],"version-history":[{"count":0,"href":"https:\/\/all4sales.se\/da\/wp-json\/wp\/v2\/pages\/4643\/revisions"}],"wp:attachment":[{"href":"https:\/\/all4sales.se\/da\/wp-json\/wp\/v2\/media?parent=4643"}],"curies":[{"name":"wp","href":"https:\/\/api.w.org\/{rel}","templated":true}]}}